{"id":2144,"date":"2025-11-30T20:19:52","date_gmt":"2025-11-30T20:19:52","guid":{"rendered":"https:\/\/othernesses.com\/?page_id=2144"},"modified":"2025-11-30T20:47:31","modified_gmt":"2025-11-30T20:47:31","slug":"undoingstructures","status":"publish","type":"page","link":"https:\/\/othernesses.com\/en\/home\/working-spaces-working-groups\/undoingstructures\/","title":{"rendered":"Un-Doing Structures \u2013 in Theory&#038;Practice"},"content":{"rendered":"<div data-elementor-type=\"wp-page\" data-elementor-id=\"2144\" class=\"elementor elementor-2144\" data-elementor-settings=\"{&quot;ha_cmc_init_switcher&quot;:&quot;no&quot;}\">\n\t\t\t\t<div class=\"elementor-element elementor-element-8fcd1c6 e-con-full e-flex wpr-particle-no wpr-jarallax-no wpr-parallax-no wpr-sticky-section-no wpr-equal-height-no e-con e-parent\" data-id=\"8fcd1c6\" data-element_type=\"container\" data-e-type=\"container\" data-settings=\"{&quot;background_background&quot;:&quot;classic&quot;,&quot;_ha_eqh_enable&quot;:false}\">\n\t\t<div class=\"elementor-element elementor-element-1512aa7d e-con-full e-flex wpr-particle-no wpr-jarallax-no wpr-parallax-no wpr-sticky-section-no wpr-equal-height-no e-con e-child\" data-id=\"1512aa7d\" data-element_type=\"container\" data-e-type=\"container\" data-settings=\"{&quot;background_background&quot;:&quot;classic&quot;,&quot;_ha_eqh_enable&quot;:false}\">\n\t\t<div class=\"elementor-element elementor-element-60183c8e e-con-full e-flex wpr-particle-no wpr-jarallax-no wpr-parallax-no wpr-sticky-section-no wpr-equal-height-no e-con e-child\" data-id=\"60183c8e\" data-element_type=\"container\" data-e-type=\"container\" data-settings=\"{&quot;_ha_eqh_enable&quot;:false}\">\n\t\t\t\t<div class=\"elementor-element elementor-element-5b16336c elementor-widget__width-initial elementor-widget elementor-widget-text-editor\" data-id=\"5b16336c\" data-element_type=\"widget\" data-e-type=\"widget\" data-widget_type=\"text-editor.default\">\n\t\t\t\t<div class=\"elementor-widget-container\">\n\t\t\t\t\t\t\t\t\t<p><strong>Un-Doing Structures \u2013 in Theory&amp;Practice<\/strong><\/p>\t\t\t\t\t\t\t\t<\/div>\n\t\t\t\t<\/div>\n\t\t\t\t<div class=\"elementor-element elementor-element-4c6c8b24 elementor-widget__width-initial e-transform elementor-widget elementor-widget-text-editor\" data-id=\"4c6c8b24\" data-element_type=\"widget\" data-e-type=\"widget\" data-settings=\"{&quot;_transform_translateY_effect&quot;:{&quot;unit&quot;:&quot;px&quot;,&quot;size&quot;:0,&quot;sizes&quot;:[]},&quot;_transform_translateX_effect&quot;:{&quot;unit&quot;:&quot;px&quot;,&quot;size&quot;:&quot;&quot;,&quot;sizes&quot;:[]},&quot;_transform_translateX_effect_tablet&quot;:{&quot;unit&quot;:&quot;px&quot;,&quot;size&quot;:&quot;&quot;,&quot;sizes&quot;:[]},&quot;_transform_translateX_effect_mobile&quot;:{&quot;unit&quot;:&quot;px&quot;,&quot;size&quot;:&quot;&quot;,&quot;sizes&quot;:[]},&quot;_transform_translateY_effect_tablet&quot;:{&quot;unit&quot;:&quot;px&quot;,&quot;size&quot;:&quot;&quot;,&quot;sizes&quot;:[]},&quot;_transform_translateY_effect_mobile&quot;:{&quot;unit&quot;:&quot;px&quot;,&quot;size&quot;:&quot;&quot;,&quot;sizes&quot;:[]}}\" data-widget_type=\"text-editor.default\">\n\t\t\t\t<div class=\"elementor-widget-container\">\n\t\t\t\t\t\t\t\t\t<p>In this workshop, the marks of academically set and university-political structures that implicitly produce exclusions are (historically) traced in order to find ways to further open up and carefully think about the meanings of 'decolonization' and universities and to initiate other (university) politics in conjunction with the production of \u2018knowledge\u2019.<\/p><p class=\"translation-block\">In the process, traces of these histories, that are still effective, like those related to anti-Semitism, are examined and looked at, with view to a different future \u2013 this can be done, for example, through discussing unacknowledged and \u2018notknown\u2019 (hir-)\u2019stories' and (con-)texts. It aims at focusing on the past, in order not to forget, and to acknowledge the pain and to discuss its possible traces and parallels to today's developments in more depth, including the question of how we want to understand 'critique' as \u2018thought\u2019. The question is also how 'knowledge' was and is represented, and that knowledge, also in Europe until today, is and remains strongly shaped by otherness and other, marginalized positions. A central, long-standing goal is also, and especially so in the German context, to prevent marginalized and racialized 'groups' from being discursively played off against each other.<\/p><p>Instead, the aim is to strengthen alliances and other visions that have always been part of the theoretical and artistic reflections of decolonial and critical thinkers in Germany and all over the world.<\/p><p class=\"translation-block\">'Decolonization' is, a term that has recently gained renewed use in scholarly and non-scholarly debates, and that became vocal worldwide and especially in the countries of the global South at least since 2015, such as the Rhodes Must Fall movement and the critique of caste privilege in the education system in India;<\/p><p>however, the term has now become a buzz word, and is in danger of losing its important meaning. To emphasize its interventionist, critical character, some scholars now also speak of anti-colonial approaches instead.<\/p><p>Behind these debates are three interlocking considerations that are central to the further development of \u2018universities\u2019 as established knowledge-systems and glocal institutions of knowledge production. These are, first, that universities must confront the legacy of their colonial structures, also within their respective countries and contexts, which are part of their history, teaching, and research. BIPOC and \u2018minority\u2019 students, lecturers and researchers are 'traditionally' (historically driven), not least as a consequence of such conditions of neglect and thoughtlessness, relatively underrepresented in universities and other institutions of academic learning. Furthermore, it is important to work towards changing the curricula of the various disciplines in such a way that colonial, anti-Semitic and racist thought patterns and texts are not repeated in them, so that a productive practice of relearning can begin in teaching and research that takes into account as many ambivalences and aporias as possible, and yet is still able to show ways of thought in teaching and research that can act by taking into account other historical and contemporary models of knowledge formation and production \u2013 such as the interventions and theorizations of Jewish and Black thinkers, scholars, and intellectuals.<\/p><p class=\"translation-block\">The further, long-term attention of the workshop-Un-Doing-Structures in Theory &amp; Practice, is thus also on the formation of alliances and coalitions, for example with other queer and feminist centers, which can work together, against the background of these considerations, also in the form of small working groups and can go towards change in the formations of theory &amp; practice of \u2018knowledge\u2019 and its (institutional) production.<\/p><p class=\"translation-block\">The workshop Un-Doing-Structures in Theory &amp; Practice addresses in particular graduate students, pre-docs, post-docs, post-doctoral researchers, and professors across disciplines who have already engaged with and\/or come into contact with these issues and who want to continue to do so within a larger framework that aims at change on a theoretical and practice-oriented level.<\/p>\t\t\t\t\t\t\t\t<\/div>\n\t\t\t\t<\/div>\n\t\t\t\t<\/div>\n\t\t\t\t<\/div>\n\t\t\t\t<\/div>\n\t\t<div class=\"elementor-element elementor-element-39a7105b e-flex e-con-boxed wpr-particle-no wpr-jarallax-no wpr-parallax-no wpr-sticky-section-no wpr-equal-height-no e-con e-parent\" data-id=\"39a7105b\" data-element_type=\"container\" data-e-type=\"container\" data-settings=\"{&quot;background_background&quot;:&quot;classic&quot;,&quot;_ha_eqh_enable&quot;:false}\">\n\t\t\t\t\t<div class=\"e-con-inner\">\n\t\t\t\t<div class=\"elementor-element elementor-element-6f4c4bf4 elementor-widget elementor-widget-spacer\" data-id=\"6f4c4bf4\" data-element_type=\"widget\" data-e-type=\"widget\" data-widget_type=\"spacer.default\">\n\t\t\t\t<div class=\"elementor-widget-container\">\n\t\t\t\t\t\t\t<div class=\"elementor-spacer\">\n\t\t\t<div class=\"elementor-spacer-inner\"><\/div>\n\t\t<\/div>\n\t\t\t\t\t\t<\/div>\n\t\t\t\t<\/div>\n\t\t\t\t\t<\/div>\n\t\t\t\t<\/div>\n\t\t\t\t<\/div>","protected":false},"excerpt":{"rendered":"<p>Un-Doing Structures \u2013 in Theory&amp;Practice In dieser Werkstatt sollen den Spuren von akademisch gesetzten und (hochschul-)politischen Strukturen nachgegangen werden, die implizit Ausschl\u00fcsse produzieren, um Wege zur st\u00e4rkeren \u00d6ffnung und \u201aDekolonisierung\u2018 von Universit\u00e4ten zu entwerfen und (hochschul-)politisch in Gang zu bringen. Dabei sollen auch vergangene, teilweise immer noch wirksame, etwa antisemitisch gepr\u00e4gte Z\u00fcge dieser Historien in den Blick genommen und in Hinblick auf eine andere Zukunft, zum Beispiel durch, nicht weiter bekannte \u201aGeschichten\u2018 und (Kon-)Texte diskutiert werden. Ziel ist es, Vergangenes auch zu fokussieren, aufzuarbeiten aber nicht vergessen zu machen, sondern das Leid(en) zun\u00e4chst anzuerkennen, und ihre m\u00f6glichen Parallelen zu heutigen Entwicklungen tiefer gehend zu er\u00f6rtern, so auch die Frage, wie wir \u201aKritik\u2018 als \u201aDenken\u2018 verstehen wollen. Die Frage ist dabei auch wie \u201aWissen\u2018 und Wissensentwicklung repr\u00e4sentiert wurde und wird, und dass Wissen, auch in Europa, von Andersheit und anderen, marginalisierten Positionen, bis heute, stark gepr\u00e4gt ist und bleibt. Ein zentrales, langwieriges Ziel ist es auch, nachgerade im deutschen Raum, zu verhindern, dass marginalsierte und rassisierte \u201aGruppen\u2018 diskursiv gegeneinander ausgespielt werden. Stattdessen geht es um die St\u00e4rkung von B\u00fcndnissen und anderen Visionierungen, die schon immer Teil theoretischer und k\u00fcnstlerischer \u00dcberlegungen dekolonialer und rassismuskritischer Denker*innen in Deutschland und \u00fcberall auf der Welt gewesen sind. \u201aDekolonisierung\u2018 ist zun\u00e4chst ein Begriff der in j\u00fcngster Zeit aus wissenschaftlichen Debatten, die sp\u00e4testens 2015 weltweit und insbesondere in den L\u00e4ndern des globalen S\u00fcdens, etwa der Rhodes Must Fall Bewegung und der Kritik an der Kastenpriviligierung im Bildungssystem in Indien, laut geworden ist, wieder verst\u00e4rkt Verwendung findet; der Begriff ist aber nun zum Buzz-Wort avanciert, und droht seine wichtige Bedeutung zu verlieren. Um die kritischen \u00dcberlegungen zu betonen, die dahinterstehen, sprechen einige Wissenschaftler*innen inzwischen auch von anti-kolonialen Ans\u00e4tzen bei der Reformierung des Forschens und Lehrens. Dahinter stehen drei ineinandergreifende \u00dcberlegungen, die f\u00fcr die Weiterentwicklung der Universit\u00e4ten, als glokal agierende Institutionen der Wissensproduktion von zentraler Bedeutung sind. Diese sind zum einen, dass die Universit\u00e4ten sich mit dem Verm\u00e4chtnis ihrer kolonialen Strukturen, auch innerhalb der jeweiligen L\u00e4nder und Kontexte, auseinandersetzen m\u00fcssen, die, Teil ihrer Geschichte, Lehre und Forschung sind. BIPOC Studierende und vor allem Lehrende und Forschende sind \u201atraditionell\u2018 (historisch gepr\u00e4gt), zum anderen, und nicht zuletzt als Folge dieser Vernachl\u00e4ssigungen und Verh\u00e4ltnisse, in den europ\u00e4ischen und deutschen Universit\u00e4ten relativ unterrepr\u00e4sentiert. Zum weiteren, geht es darum darauf hinzuwirken, dass sich die Curricula der verschiedenen Disziplinen auf eine Weise \u00e4ndern, dass sich in ihnen koloniale, antisemitisch gepr\u00e4gte und rassistische Denkmuster und Texte nicht wiederholen, so dass eine produktive Praxis des Umlernens in Lehre und Forschung einsetzen kann, die m\u00f6glichst alle Ambivalenzen und Aporien mitbedenkt und dennoch handlungsf\u00e4hige Wege des Denkens in Lehre und Forschung aufweisen kann, und die dabei auch historische und gegenw\u00e4rtige Vorlagen mitber\u00fccksichtigt (etwa die Interventionen und Theoretisierungen j\u00fcdischer und Schwarzer Denker*innen, Wissenschaftler*innen und Intellektuelle). Das weitere, langfristige Augenmerk der Werkstatt-Un-Doing-Structures in Theory &amp; Practice, liegt so auch auf die Bildung von Allianzen und Koalitionen, etwa mit anderen, queeren und feministischen Zentren und Forschungsbereichen, die zusammen, vor dem Hintergrund dieser \u00dcberlegungen, auch in Form von kleinen Arbeitsgruppen agieren und auf Ver\u00c4nderung institutioneller Art, hinwirken k\u00f6nnen. Die Werkstatt Un-Doing-Structures in Theory &amp; Practice adressiert fach\u00fcbergreifend insbesondere Graduierte, Prae- und Postdocs, Habilitierende und Professor*innen, die sich bereits mit diesen Thematiken besch\u00e4ftigt haben und\/oder mit ihnen in Ber\u00fchrung gekommen sind, und die dies weiterhin in einem intensiveren Rahmen, der auf Ver\u00e4nderungen auf theoretischer und praxisorientierter Ebene hinzielt, tun wollen.<\/p>","protected":false},"author":1,"featured_media":0,"parent":19,"menu_order":0,"comment_status":"closed","ping_status":"closed","template":"elementor_header_footer","meta":{"footnotes":""},"class_list":["post-2144","page","type-page","status-publish","hentry"],"_links":{"self":[{"href":"https:\/\/othernesses.com\/en\/wp-json\/wp\/v2\/pages\/2144","targetHints":{"allow":["GET"]}}],"collection":[{"href":"https:\/\/othernesses.com\/en\/wp-json\/wp\/v2\/pages"}],"about":[{"href":"https:\/\/othernesses.com\/en\/wp-json\/wp\/v2\/types\/page"}],"author":[{"embeddable":true,"href":"https:\/\/othernesses.com\/en\/wp-json\/wp\/v2\/users\/1"}],"replies":[{"embeddable":true,"href":"https:\/\/othernesses.com\/en\/wp-json\/wp\/v2\/comments?post=2144"}],"version-history":[{"count":4,"href":"https:\/\/othernesses.com\/en\/wp-json\/wp\/v2\/pages\/2144\/revisions"}],"predecessor-version":[{"id":2186,"href":"https:\/\/othernesses.com\/en\/wp-json\/wp\/v2\/pages\/2144\/revisions\/2186"}],"up":[{"embeddable":true,"href":"https:\/\/othernesses.com\/en\/wp-json\/wp\/v2\/pages\/19"}],"wp:attachment":[{"href":"https:\/\/othernesses.com\/en\/wp-json\/wp\/v2\/media?parent=2144"}],"curies":[{"name":"wp","href":"https:\/\/api.w.org\/{rel}","templated":true}]}}