{"id":2146,"date":"2025-11-30T20:20:19","date_gmt":"2025-11-30T20:20:19","guid":{"rendered":"https:\/\/othernesses.com\/?page_id=2146"},"modified":"2025-11-30T20:48:06","modified_gmt":"2025-11-30T20:48:06","slug":"arttheorytheoryart","status":"publish","type":"page","link":"https:\/\/othernesses.com\/en\/home\/working-spaces-working-groups\/arttheorytheoryart\/","title":{"rendered":"artTheory&#038;theoryArt"},"content":{"rendered":"<div data-elementor-type=\"wp-page\" data-elementor-id=\"2146\" class=\"elementor elementor-2146\" data-elementor-settings=\"{&quot;ha_cmc_init_switcher&quot;:&quot;no&quot;}\">\n\t\t\t\t<div class=\"elementor-element elementor-element-43b8a832 e-con-full e-flex wpr-particle-no wpr-jarallax-no wpr-parallax-no wpr-sticky-section-no e-con e-parent\" data-id=\"43b8a832\" data-element_type=\"container\" data-e-type=\"container\" data-settings=\"{&quot;background_background&quot;:&quot;classic&quot;,&quot;_ha_eqh_enable&quot;:false}\">\n\t\t<div class=\"elementor-element elementor-element-23196870 e-con-full e-flex wpr-particle-no wpr-jarallax-no wpr-parallax-no wpr-sticky-section-no e-con e-child\" data-id=\"23196870\" data-element_type=\"container\" data-e-type=\"container\" data-settings=\"{&quot;background_background&quot;:&quot;classic&quot;,&quot;_ha_eqh_enable&quot;:false}\">\n\t\t<div class=\"elementor-element elementor-element-2db1d9b1 e-con-full e-flex wpr-particle-no wpr-jarallax-no wpr-parallax-no wpr-sticky-section-no e-con e-child\" data-id=\"2db1d9b1\" data-element_type=\"container\" data-e-type=\"container\" data-settings=\"{&quot;_ha_eqh_enable&quot;:false}\">\n\t\t\t\t<div class=\"elementor-element elementor-element-2d7ec455 elementor-widget__width-initial elementor-widget elementor-widget-text-editor\" data-id=\"2d7ec455\" data-element_type=\"widget\" data-e-type=\"widget\" data-widget_type=\"text-editor.default\">\n\t\t\t\t<div class=\"elementor-widget-container\">\n\t\t\t\t\t\t\t\t\t<p><strong>artTheory&amp;theoryArt<\/strong><\/p>\t\t\t\t\t\t\t\t<\/div>\n\t\t\t\t<\/div>\n\t\t\t\t<div class=\"elementor-element elementor-element-1be6677b elementor-widget__width-initial e-transform elementor-widget elementor-widget-text-editor\" data-id=\"1be6677b\" data-element_type=\"widget\" data-e-type=\"widget\" data-settings=\"{&quot;_transform_translateY_effect&quot;:{&quot;unit&quot;:&quot;px&quot;,&quot;size&quot;:0,&quot;sizes&quot;:[]},&quot;_transform_translateX_effect&quot;:{&quot;unit&quot;:&quot;px&quot;,&quot;size&quot;:&quot;&quot;,&quot;sizes&quot;:[]},&quot;_transform_translateX_effect_tablet&quot;:{&quot;unit&quot;:&quot;px&quot;,&quot;size&quot;:&quot;&quot;,&quot;sizes&quot;:[]},&quot;_transform_translateX_effect_mobile&quot;:{&quot;unit&quot;:&quot;px&quot;,&quot;size&quot;:&quot;&quot;,&quot;sizes&quot;:[]},&quot;_transform_translateY_effect_tablet&quot;:{&quot;unit&quot;:&quot;px&quot;,&quot;size&quot;:&quot;&quot;,&quot;sizes&quot;:[]},&quot;_transform_translateY_effect_mobile&quot;:{&quot;unit&quot;:&quot;px&quot;,&quot;size&quot;:&quot;&quot;,&quot;sizes&quot;:[]}}\" data-widget_type=\"text-editor.default\">\n\t\t\t\t<div class=\"elementor-widget-container\">\n\t\t\t\t\t\t\t\t\t<p>The workshop artTheory&amp;theoryArt looks at<\/p><ol><li>Theorien und philosophischen Reflexionen \u00fcber Kunst,<\/li><li>Theorien, die von den K\u00fcnsten ausgehen, sowie<\/li><li>Theorie als Kunst, und<\/li><li>die Art und Weise, wie die K\u00fcnste als das Andere des (vermeintlichen) Wissens und<\/li><li>die K\u00fcnste des Anderen als das Andere des Selbst in verschiedenen (disziplin\u00e4ren, lokalen und globalen) Kontexten verwendet (und missbraucht) werden.<\/li><\/ol><p><br \/>It thereby discusses and reflects the aporetic instances and paradoxes that any \u2018statement\u2019, (en-act(ment), citation, and naming occupies, and tries to find out how these, nevertheless, could be read in productive, reparative and healing rather than extinctive ways, by considering power relations within historical, political, discursive and affective contextualities, and the idea of letting oneself be surprised as a methodological encounter in reading.<\/p><p>While the workshop is open to all disciplines and all disciplines are welcome, it, especially addresses scholars - at any carrier stage - in Comparative literature, Literary Studies, Philosophy, Performance Studies, Music, Dramatic Arts, Performing Arts, InterArt Studies, as well as Area Studies, and of course artists from all the im\/possible spectrum.)<\/p>\t\t\t\t\t\t\t\t<\/div>\n\t\t\t\t<\/div>\n\t\t\t\t<\/div>\n\t\t\t\t<\/div>\n\t\t\t\t<\/div>\n\t\t<div class=\"elementor-element elementor-element-84bfcd2 e-flex e-con-boxed wpr-particle-no wpr-jarallax-no wpr-parallax-no wpr-sticky-section-no e-con e-parent\" data-id=\"84bfcd2\" data-element_type=\"container\" data-e-type=\"container\" data-settings=\"{&quot;background_background&quot;:&quot;classic&quot;,&quot;_ha_eqh_enable&quot;:false}\">\n\t\t\t\t\t<div class=\"e-con-inner\">\n\t\t\t\t<div class=\"elementor-element elementor-element-50c51b73 elementor-widget elementor-widget-spacer\" data-id=\"50c51b73\" data-element_type=\"widget\" data-e-type=\"widget\" data-widget_type=\"spacer.default\">\n\t\t\t\t<div class=\"elementor-widget-container\">\n\t\t\t\t\t\t\t<div class=\"elementor-spacer\">\n\t\t\t<div class=\"elementor-spacer-inner\"><\/div>\n\t\t<\/div>\n\t\t\t\t\t\t<\/div>\n\t\t\t\t<\/div>\n\t\t\t\t\t<\/div>\n\t\t\t\t<\/div>\n\t\t\t\t<\/div>","protected":false},"excerpt":{"rendered":"<p>artTheory&amp;theoryArt Die Werkstatt artTheory&amp;theoryArt besch\u00e4ftigt sich mit Theorien und philosophischen Reflexionen \u00fcber Kunst, Theorien, die von den K\u00fcnsten ausgehen, sowie Theorie als Kunst, und die Art und Weise, wie die K\u00fcnste als das Andere des (vermeintlichen) Wissens und die K\u00fcnste des Anderen als das Andere des Selbst in verschiedenen (disziplin\u00e4ren, lokalen und globalen) Kontexten verwendet (und missbraucht) werden. Sie diskutiert und reflektiert dabei die aporetischen Instanzen und Paradoxien, die jede \u201aAussage\u2018, jede (Ver-)Handlung, jedes Zitat und jede Benennung in sich birgt, und versucht herauszufinden, wie diese dennoch auf produktive, reparative und heilende statt auf ausl\u00f6schende Weise gelesen werden k\u00f6nnen, indem Machtverh\u00e4ltnisse innerhalb historischer, politischer, diskursiver und affektiver Kontexte, und die Idee, sich \u00fcberraschen zu lassen, als methodologische Begegnung beim Lesen ber\u00fccksichtigt werden k\u00f6nnen. Der Workshop ist offen f\u00fcr alle Disziplinen und alle Disziplinen sind willkommen, dabei \u00a0richtet sie sich insbesondere an Wissenschaftler*innen &#8211; auf jeder Karrierestufe &#8211; aus der Allgemeinen und Vergleichenden Literaturwissenschaft\/Comparative Literature, den Literaturwissenschaften, der Philosophie, den Performance Studies, der Musik, der Dramatischen Kunst, der Performing Arts, der InterArt Studies sowie den Area Studies und nat\u00fcrlich an K\u00fcnstler*innen aus dem gesamten un\/m\u00f6glichen Spektrum.<\/p>","protected":false},"author":1,"featured_media":0,"parent":19,"menu_order":0,"comment_status":"closed","ping_status":"closed","template":"elementor_header_footer","meta":{"footnotes":""},"class_list":["post-2146","page","type-page","status-publish","hentry"],"_links":{"self":[{"href":"https:\/\/othernesses.com\/en\/wp-json\/wp\/v2\/pages\/2146","targetHints":{"allow":["GET"]}}],"collection":[{"href":"https:\/\/othernesses.com\/en\/wp-json\/wp\/v2\/pages"}],"about":[{"href":"https:\/\/othernesses.com\/en\/wp-json\/wp\/v2\/types\/page"}],"author":[{"embeddable":true,"href":"https:\/\/othernesses.com\/en\/wp-json\/wp\/v2\/users\/1"}],"replies":[{"embeddable":true,"href":"https:\/\/othernesses.com\/en\/wp-json\/wp\/v2\/comments?post=2146"}],"version-history":[{"count":19,"href":"https:\/\/othernesses.com\/en\/wp-json\/wp\/v2\/pages\/2146\/revisions"}],"predecessor-version":[{"id":2181,"href":"https:\/\/othernesses.com\/en\/wp-json\/wp\/v2\/pages\/2146\/revisions\/2181"}],"up":[{"embeddable":true,"href":"https:\/\/othernesses.com\/en\/wp-json\/wp\/v2\/pages\/19"}],"wp:attachment":[{"href":"https:\/\/othernesses.com\/en\/wp-json\/wp\/v2\/media?parent=2146"}],"curies":[{"name":"wp","href":"https:\/\/api.w.org\/{rel}","templated":true}]}}