{"id":2148,"date":"2025-11-30T20:20:40","date_gmt":"2025-11-30T20:20:40","guid":{"rendered":"https:\/\/othernesses.com\/?page_id=2148"},"modified":"2025-11-30T20:47:43","modified_gmt":"2025-11-30T20:47:43","slug":"mimosa","status":"publish","type":"page","link":"https:\/\/othernesses.com\/en\/home\/working-spaces-working-groups\/mimosa\/","title":{"rendered":"mImOsA -\u201ctouch-me-not\u201d \u2013 a Dossier"},"content":{"rendered":"<div data-elementor-type=\"wp-page\" data-elementor-id=\"2148\" class=\"elementor elementor-2148\" data-elementor-settings=\"{&quot;ha_cmc_init_switcher&quot;:&quot;no&quot;}\">\n\t\t\t\t<div class=\"elementor-element elementor-element-2c6b9a1 e-con-full e-flex wpr-particle-no wpr-jarallax-no wpr-parallax-no wpr-sticky-section-no wpr-equal-height-no e-con e-parent\" data-id=\"2c6b9a1\" data-element_type=\"container\" data-e-type=\"container\" data-settings=\"{&quot;background_background&quot;:&quot;classic&quot;,&quot;_ha_eqh_enable&quot;:false}\">\n\t\t<div class=\"elementor-element elementor-element-24f41bad e-con-full e-flex wpr-particle-no wpr-jarallax-no wpr-parallax-no wpr-sticky-section-no wpr-equal-height-no e-con e-child\" data-id=\"24f41bad\" data-element_type=\"container\" data-e-type=\"container\" data-settings=\"{&quot;background_background&quot;:&quot;classic&quot;,&quot;_ha_eqh_enable&quot;:false}\">\n\t\t<div class=\"elementor-element elementor-element-6484abe7 e-con-full e-flex wpr-particle-no wpr-jarallax-no wpr-parallax-no wpr-sticky-section-no wpr-equal-height-no e-con e-child\" data-id=\"6484abe7\" data-element_type=\"container\" data-e-type=\"container\" data-settings=\"{&quot;_ha_eqh_enable&quot;:false}\">\n\t\t\t\t<div class=\"elementor-element elementor-element-28ee5737 elementor-widget__width-initial elementor-widget elementor-widget-text-editor\" data-id=\"28ee5737\" data-element_type=\"widget\" data-e-type=\"widget\" data-widget_type=\"text-editor.default\">\n\t\t\t\t<div class=\"elementor-widget-container\">\n\t\t\t\t\t\t\t\t\t<p><strong><em>mImOsA <\/em><\/strong><strong>-\u201ctouch-me-not\u201d \u2013 a Dossier<\/strong><\/p>\t\t\t\t\t\t\t\t<\/div>\n\t\t\t\t<\/div>\n\t\t\t\t<div class=\"elementor-element elementor-element-39c652e7 elementor-widget__width-initial e-transform elementor-widget elementor-widget-text-editor\" data-id=\"39c652e7\" data-element_type=\"widget\" data-e-type=\"widget\" data-settings=\"{&quot;_transform_translateY_effect&quot;:{&quot;unit&quot;:&quot;px&quot;,&quot;size&quot;:0,&quot;sizes&quot;:[]},&quot;_transform_translateX_effect&quot;:{&quot;unit&quot;:&quot;px&quot;,&quot;size&quot;:&quot;&quot;,&quot;sizes&quot;:[]},&quot;_transform_translateX_effect_tablet&quot;:{&quot;unit&quot;:&quot;px&quot;,&quot;size&quot;:&quot;&quot;,&quot;sizes&quot;:[]},&quot;_transform_translateX_effect_mobile&quot;:{&quot;unit&quot;:&quot;px&quot;,&quot;size&quot;:&quot;&quot;,&quot;sizes&quot;:[]},&quot;_transform_translateY_effect_tablet&quot;:{&quot;unit&quot;:&quot;px&quot;,&quot;size&quot;:&quot;&quot;,&quot;sizes&quot;:[]},&quot;_transform_translateY_effect_mobile&quot;:{&quot;unit&quot;:&quot;px&quot;,&quot;size&quot;:&quot;&quot;,&quot;sizes&quot;:[]}}\" data-widget_type=\"text-editor.default\">\n\t\t\t\t<div class=\"elementor-widget-container\">\n\t\t\t\t\t\t\t\t\t<p class=\"translation-block\">\u201cmImOsa\u201d is part of the workshop artTheory&amp;theoryArt but is an independent \u2018arrangement\u2019. It is a WORKSHOP of thought and \u2018writing\u2019 with a special focus on queer and feminist knowledges and particular attention to literature and lyrics in its widest sense(s) along different languages and\/in translations. mImOsA is organized in units around a specific term\/metaphor\/metonym\/concept\/image.<\/p><p>Each of its units consists of 5 \u00bd sessions: a first, short welcome &amp; introductory \u00bd - evening hour, followed by five 1 \u00bd h-soirees once a month. Each of its units deals with a \u2018specific\u2019 term that will be announced beforehand.\u00a0<\/p><p>In its 5 \u00bd sessions the invited five academics\/artists will discuss this term by pondering upon and disclosing it along a lyrical text, a poem, a vignette, a novel, a drama, a photography, a piece of music, a film, a memento, a memory, an impression etc. that they will briefly introduce in the first evening hour and present in more depth at one of the following 5 sessions. Until the end of each unit, all participants will produce a 5 page-long text that will become part of the mImOsA-Dossier.<\/p><p>The written texts are understood as critical, interventionist and exploratory texts, at the liminals of (all im\/possible) academic\/poetic WrItInGs and part of the individual elaborations and workshoping.\nmImOsA is understood as thinking the humanities&amp;geisteswissenschaften beyond the digital in an earthbound and planetarian sense.<strong>\u00a0<\/strong><strong>\u00a0<\/strong><\/p>\t\t\t\t\t\t\t\t<\/div>\n\t\t\t\t<\/div>\n\t\t\t\t<\/div>\n\t\t\t\t<\/div>\n\t\t\t\t<\/div>\n\t\t<div class=\"elementor-element elementor-element-731dfb7f e-flex e-con-boxed wpr-particle-no wpr-jarallax-no wpr-parallax-no wpr-sticky-section-no wpr-equal-height-no e-con e-parent\" data-id=\"731dfb7f\" data-element_type=\"container\" data-e-type=\"container\" data-settings=\"{&quot;background_background&quot;:&quot;classic&quot;,&quot;_ha_eqh_enable&quot;:false}\">\n\t\t\t\t\t<div class=\"e-con-inner\">\n\t\t\t\t<div class=\"elementor-element elementor-element-32ab2c1d elementor-widget elementor-widget-spacer\" data-id=\"32ab2c1d\" data-element_type=\"widget\" data-e-type=\"widget\" data-widget_type=\"spacer.default\">\n\t\t\t\t<div class=\"elementor-widget-container\">\n\t\t\t\t\t\t\t<div class=\"elementor-spacer\">\n\t\t\t<div class=\"elementor-spacer-inner\"><\/div>\n\t\t<\/div>\n\t\t\t\t\t\t<\/div>\n\t\t\t\t<\/div>\n\t\t\t\t\t<\/div>\n\t\t\t\t<\/div>\n\t\t\t\t<\/div>","protected":false},"excerpt":{"rendered":"<p>mImOsA -\u201ctouch-me-not\u201d \u2013 a Dossier &#8222;mImOsa&#8220; ist Teil der Arbeitsgruppe artTheory&amp;theoryArt, aber ein eigenst\u00e4ndiges &#8218;Arrangement&#8216;.Es ist ein WORKSHOP des Denkens und &#8222;Schreibens&#8220; mit einem besonderen Fokus auf queerem und feministischem Wissen und einem besonderen Augenmerk auf Literatur und Lyrik im weitesten Sinne entlang verschiedener Sprachen und \/ oder \u00dcbersetzungen.mImOsA ist in Einheiten organisiert, die sich um einen bestimmten Begriff\/Metapher\/Metonym\/Konzept\/Bild drehen. \u00a0 Jede der Einheiten besteht aus 5 \u00bd Sitzungen: einer ersten, kurzen Begr\u00fc\u00dfungs- und Einf\u00fchrungsstunde am Abend, gefolgt von f\u00fcnf 1 \u00bd-st\u00fcndigen Soireen einmal im Monat. Jede Einheit befasst sich mit einem &#8222;spezifischen&#8220; Begriff, der im Voraus bekannt gegeben wird.\u00a0 In den 5 \u00bd Sitzungen werden die f\u00fcnf eingeladenen Wissenschaftlerinnen\/K\u00fcnstlerinnen diesen Begriff er\u00f6rtern, indem sie ihn anhand eines lyrischen Textes, eines Gedichts, einer Vignette, eines Romans, eines Dramas, einer Fotografie, eines Musikst\u00fccks, eines Films, eines Mementos, einer Erinnerung, eines Eindrucks usw. er\u00f6rtern, die sie in der ersten Abendstunde kurz vorstellen und in einer der folgenden 5 Sitzungen vertiefen. Bis zum Ende jeder Einheit werden alle Teilnehmerinnen einen 5-seitigen Text verfassen, der Teil des mImOsA-Dossiers wird. Die geschriebenen Texte werden als kritische, interventionistische und explorative Texte verstanden, die sich an der Grenze zu (allen un\/m\u00f6glichen) akademischen\/poetischen Texten befinden und Teil der individuellen Ausarbeitungen und Workshops sind.mImOsA versteht sich als ein Denken der Geisteswissenschaften jenseits des Digitalen in einem erdgebundenen und planetarischen Sinn.\u00a0\u00a0<\/p>","protected":false},"author":1,"featured_media":0,"parent":19,"menu_order":0,"comment_status":"closed","ping_status":"closed","template":"elementor_header_footer","meta":{"footnotes":""},"class_list":["post-2148","page","type-page","status-publish","hentry"],"_links":{"self":[{"href":"https:\/\/othernesses.com\/en\/wp-json\/wp\/v2\/pages\/2148","targetHints":{"allow":["GET"]}}],"collection":[{"href":"https:\/\/othernesses.com\/en\/wp-json\/wp\/v2\/pages"}],"about":[{"href":"https:\/\/othernesses.com\/en\/wp-json\/wp\/v2\/types\/page"}],"author":[{"embeddable":true,"href":"https:\/\/othernesses.com\/en\/wp-json\/wp\/v2\/users\/1"}],"replies":[{"embeddable":true,"href":"https:\/\/othernesses.com\/en\/wp-json\/wp\/v2\/comments?post=2148"}],"version-history":[{"count":4,"href":"https:\/\/othernesses.com\/en\/wp-json\/wp\/v2\/pages\/2148\/revisions"}],"predecessor-version":[{"id":2178,"href":"https:\/\/othernesses.com\/en\/wp-json\/wp\/v2\/pages\/2148\/revisions\/2178"}],"up":[{"embeddable":true,"href":"https:\/\/othernesses.com\/en\/wp-json\/wp\/v2\/pages\/19"}],"wp:attachment":[{"href":"https:\/\/othernesses.com\/en\/wp-json\/wp\/v2\/media?parent=2148"}],"curies":[{"name":"wp","href":"https:\/\/api.w.org\/{rel}","templated":true}]}}