{"id":28,"date":"2023-11-23T09:28:03","date_gmt":"2023-11-23T09:28:03","guid":{"rendered":"https:\/\/othernesses.com\/?page_id=28"},"modified":"2025-11-30T20:56:33","modified_gmt":"2025-11-30T20:56:33","slug":"about","status":"publish","type":"page","link":"https:\/\/othernesses.com\/en\/home\/about\/","title":{"rendered":"About"},"content":{"rendered":"\t\t<div data-elementor-type=\"wp-page\" data-elementor-id=\"28\" class=\"elementor elementor-28\" data-elementor-settings=\"{&quot;ha_cmc_init_switcher&quot;:&quot;no&quot;}\">\n\t\t\t\t<div class=\"elementor-element elementor-element-ad1b752 e-flex e-con-boxed wpr-particle-no wpr-jarallax-no wpr-parallax-no wpr-sticky-section-no wpr-equal-height-no e-con e-parent\" data-id=\"ad1b752\" data-element_type=\"container\" data-e-type=\"container\" data-settings=\"{&quot;background_background&quot;:&quot;classic&quot;,&quot;_ha_eqh_enable&quot;:false}\">\n\t\t\t\t\t<div class=\"e-con-inner\">\n\t\t<div class=\"elementor-element elementor-element-696377b e-con-full e-flex wpr-particle-no wpr-jarallax-no wpr-parallax-no wpr-sticky-section-no wpr-equal-height-no e-con e-child\" data-id=\"696377b\" data-element_type=\"container\" data-e-type=\"container\" data-settings=\"{&quot;background_background&quot;:&quot;classic&quot;,&quot;_ha_eqh_enable&quot;:false}\">\n\t\t<div class=\"elementor-element elementor-element-fa6d4b5 e-con-full e-flex wpr-particle-no wpr-jarallax-no wpr-parallax-no wpr-sticky-section-no wpr-equal-height-no e-con e-child\" data-id=\"fa6d4b5\" data-element_type=\"container\" data-e-type=\"container\" data-settings=\"{&quot;background_background&quot;:&quot;classic&quot;,&quot;_ha_eqh_enable&quot;:false}\">\n\t\t\t\t<div class=\"elementor-element elementor-element-a9bcfd4 elementor-widget elementor-widget-spacer\" data-id=\"a9bcfd4\" data-element_type=\"widget\" data-e-type=\"widget\" data-widget_type=\"spacer.default\">\n\t\t\t\t<div class=\"elementor-widget-container\">\n\t\t\t\t\t\t\t<div class=\"elementor-spacer\">\n\t\t\t<div class=\"elementor-spacer-inner\"><\/div>\n\t\t<\/div>\n\t\t\t\t\t\t<\/div>\n\t\t\t\t<\/div>\n\t\t\t\t<div class=\"elementor-element elementor-element-8ecbd7f elementor-widget__width-initial elementor-widget elementor-widget-text-editor\" data-id=\"8ecbd7f\" data-element_type=\"widget\" data-e-type=\"widget\" data-widget_type=\"text-editor.default\">\n\t\t\t\t<div class=\"elementor-widget-container\">\n\t\t\t\t\t\t\t\t\t<p><strong>Willkommen.<\/strong><\/p>\t\t\t\t\t\t\t\t<\/div>\n\t\t\t\t<\/div>\n\t\t\t\t<div class=\"elementor-element elementor-element-e18b982 elementor-widget elementor-widget-text-editor\" data-id=\"e18b982\" data-element_type=\"widget\" data-e-type=\"widget\" data-widget_type=\"text-editor.default\">\n\t\t\t\t<div class=\"elementor-widget-container\">\n\t\t\t\t\t\t\t\t\t<p><strong><em>Othernesses <\/em><\/strong>bietet eine Plattform des kritischen Austauschs und Dialogs auf internationaler und cross-disziplin\u00e4rer Ebene zwischen unterschiedlichen kritischen Ans\u00e4tzen und bringt sie zusammen.<\/p><p>Ausgehend von anhaltenden, historisch bedingten, verheerenden politischen Geschehnissen, die sich nicht nur in extreme Ideologisierungen, Gewalt und im Krieg, sondern auch den Wirkungen und Auswirkungen von \u201aNaturkatastrophen\u2018 zeigen, ist<\/p><p>die grundlegende Idee in <strong><em>Othernesses<\/em>,<\/strong><\/p><p>beim Denken selbst zum Umdenken als kritische Praxis anzufangen,<\/p><p>um g\u00e4ngige Denkmuster zu durchbrechen.<\/p><p>Zentrales Thema ist dabei Fragen der Alterit\u00e4t und seine BeDeutungen f\u00fcr ein anderes, lustvolles aber achtsames Denken zu problematisieren, und auf diese Weise praktisch umzugestalten und zu intervenieren.<\/p>\t\t\t\t\t\t\t\t<\/div>\n\t\t\t\t<\/div>\n\t\t\t\t<div class=\"elementor-element elementor-element-1b17625 elementor-widget elementor-widget-spacer\" data-id=\"1b17625\" data-element_type=\"widget\" data-e-type=\"widget\" data-widget_type=\"spacer.default\">\n\t\t\t\t<div class=\"elementor-widget-container\">\n\t\t\t\t\t\t\t<div class=\"elementor-spacer\">\n\t\t\t<div class=\"elementor-spacer-inner\"><\/div>\n\t\t<\/div>\n\t\t\t\t\t\t<\/div>\n\t\t\t\t<\/div>\n\t\t\t\t<\/div>\n\t\t<div class=\"elementor-element elementor-element-154c6a2 e-con-full e-flex wpr-particle-no wpr-jarallax-no wpr-parallax-no wpr-sticky-section-no wpr-equal-height-no e-con e-child\" data-id=\"154c6a2\" data-element_type=\"container\" data-e-type=\"container\" data-settings=\"{&quot;background_background&quot;:&quot;classic&quot;,&quot;_ha_eqh_enable&quot;:false}\">\n\t\t\t\t<div class=\"elementor-element elementor-element-052fb46 elementor-widget elementor-widget-spacer\" data-id=\"052fb46\" data-element_type=\"widget\" data-e-type=\"widget\" data-widget_type=\"spacer.default\">\n\t\t\t\t<div class=\"elementor-widget-container\">\n\t\t\t\t\t\t\t<div class=\"elementor-spacer\">\n\t\t\t<div class=\"elementor-spacer-inner\"><\/div>\n\t\t<\/div>\n\t\t\t\t\t\t<\/div>\n\t\t\t\t<\/div>\n\t\t\t\t<div class=\"elementor-element elementor-element-f75f13c elementor-widget__width-initial ha-has-bg-overlay elementor-widget elementor-widget-text-editor\" data-id=\"f75f13c\" data-element_type=\"widget\" data-e-type=\"widget\" data-widget_type=\"text-editor.default\">\n\t\t\t\t<div class=\"elementor-widget-container\">\n\t\t\t\t\t\t\t\t\t<p><strong><em>\u201ePoor countries like ours, can least afford to dispense with creative thought; with the transposition of creative theory into imaginative praxis. The creation of a literature is central; it is literature as part of a creative culture which releases the imagination from old colonial and traditional patterns, breaks up the cake of costum, and creates new and dynamic patterns of identity.\u201d<\/em><\/strong><\/p><p>(Sylvia Wynter)<\/p>\t\t\t\t\t\t\t\t<\/div>\n\t\t\t\t<\/div>\n\t\t\t\t<div class=\"elementor-element elementor-element-fae31e1 elementor-widget__width-initial elementor-widget elementor-widget-image\" data-id=\"fae31e1\" data-element_type=\"widget\" data-e-type=\"widget\" data-widget_type=\"image.default\">\n\t\t\t\t<div class=\"elementor-widget-container\">\n\t\t\t\t\t\t\t\t\t\t\t\t\t\t\t<img fetchpriority=\"high\" decoding=\"async\" width=\"476\" height=\"409\" src=\"https:\/\/othernesses.com\/wp-content\/uploads\/2023\/10\/Titelbild.jpg\" class=\"attachment-large size-large wp-image-48\" alt=\"\" srcset=\"https:\/\/othernesses.com\/wp-content\/uploads\/2023\/10\/Titelbild.jpg 476w, https:\/\/othernesses.com\/wp-content\/uploads\/2023\/10\/Titelbild-300x258.jpg 300w\" sizes=\"(max-width: 476px) 100vw, 476px\" \/>\t\t\t\t\t\t\t\t\t\t\t\t\t\t\t<\/div>\n\t\t\t\t<\/div>\n\t\t\t\t<div class=\"elementor-element elementor-element-0e95220 elementor-widget elementor-widget-spacer\" data-id=\"0e95220\" data-element_type=\"widget\" data-e-type=\"widget\" data-widget_type=\"spacer.default\">\n\t\t\t\t<div class=\"elementor-widget-container\">\n\t\t\t\t\t\t\t<div class=\"elementor-spacer\">\n\t\t\t<div class=\"elementor-spacer-inner\"><\/div>\n\t\t<\/div>\n\t\t\t\t\t\t<\/div>\n\t\t\t\t<\/div>\n\t\t\t\t<\/div>\n\t\t\t\t<\/div>\n\t\t\t\t\t<\/div>\n\t\t\t\t<\/div>\n\t\t<div class=\"elementor-element elementor-element-8953965 e-flex e-con-boxed wpr-particle-no wpr-jarallax-no wpr-parallax-no wpr-sticky-section-no wpr-equal-height-no e-con e-parent\" data-id=\"8953965\" data-element_type=\"container\" data-e-type=\"container\" data-settings=\"{&quot;background_background&quot;:&quot;classic&quot;,&quot;_ha_eqh_enable&quot;:false}\">\n\t\t\t\t\t<div class=\"e-con-inner\">\n\t\t\t\t<div class=\"elementor-element elementor-element-a005d41 elementor-widget elementor-widget-spacer\" data-id=\"a005d41\" data-element_type=\"widget\" data-e-type=\"widget\" data-widget_type=\"spacer.default\">\n\t\t\t\t<div class=\"elementor-widget-container\">\n\t\t\t\t\t\t\t<div class=\"elementor-spacer\">\n\t\t\t<div class=\"elementor-spacer-inner\"><\/div>\n\t\t<\/div>\n\t\t\t\t\t\t<\/div>\n\t\t\t\t<\/div>\n\t\t\t\t\t<\/div>\n\t\t\t\t<\/div>\n\t\t<div class=\"elementor-element elementor-element-c8916d1 e-flex e-con-boxed wpr-particle-no wpr-jarallax-no wpr-parallax-no wpr-sticky-section-no wpr-equal-height-no e-con e-parent\" data-id=\"c8916d1\" data-element_type=\"container\" data-e-type=\"container\" data-settings=\"{&quot;background_background&quot;:&quot;classic&quot;,&quot;_ha_eqh_enable&quot;:false}\">\n\t\t\t\t\t<div class=\"e-con-inner\">\n\t\t<div class=\"elementor-element elementor-element-dedd15b e-con-full e-flex wpr-particle-no wpr-jarallax-no wpr-parallax-no wpr-sticky-section-no wpr-equal-height-no e-con e-child\" data-id=\"dedd15b\" data-element_type=\"container\" data-e-type=\"container\" data-settings=\"{&quot;background_background&quot;:&quot;classic&quot;,&quot;_ha_eqh_enable&quot;:false}\">\n\t\t<div class=\"elementor-element elementor-element-2f57b13 e-con-full e-flex wpr-particle-no wpr-jarallax-no wpr-parallax-no wpr-sticky-section-no wpr-equal-height-no e-con e-child\" data-id=\"2f57b13\" data-element_type=\"container\" data-e-type=\"container\" data-settings=\"{&quot;_ha_eqh_enable&quot;:false}\">\n\t\t\t\t<div class=\"elementor-element elementor-element-038c218 elementor-widget elementor-widget-spacer\" data-id=\"038c218\" data-element_type=\"widget\" data-e-type=\"widget\" data-widget_type=\"spacer.default\">\n\t\t\t\t<div class=\"elementor-widget-container\">\n\t\t\t\t\t\t\t<div class=\"elementor-spacer\">\n\t\t\t<div class=\"elementor-spacer-inner\"><\/div>\n\t\t<\/div>\n\t\t\t\t\t\t<\/div>\n\t\t\t\t<\/div>\n\t\t\t\t<div class=\"elementor-element elementor-element-16317d0 elementor-widget__width-initial ha-has-bg-overlay elementor-widget elementor-widget-text-editor\" data-id=\"16317d0\" data-element_type=\"widget\" data-e-type=\"widget\" data-widget_type=\"text-editor.default\">\n\t\t\t\t<div class=\"elementor-widget-container\">\n\t\t\t\t\t\t\t\t\t<p><strong><em>\u201c[T]he curiosity that comes from a <\/em><em>peripheral gaze<\/em><em>: the gaze of the vagabond, the gaze of the poetic figure of the <\/em><em>fl\u00e2neur<\/em><em> (again evoking [Walter] Benjamin, one of [Silvia Rivera Cusicanqui\u2019s] favorite philosophers), that comes from the condition of passing by, transiting, roaming, and thus has a capacity to connect disparate elements.\u201d<\/em><\/strong><\/p><p>(V\u00e9ronica Gago)<\/p>\t\t\t\t\t\t\t\t<\/div>\n\t\t\t\t<\/div>\n\t\t\t\t<div class=\"elementor-element elementor-element-09996ba elementor-widget__width-initial elementor-widget elementor-widget-image\" data-id=\"09996ba\" data-element_type=\"widget\" data-e-type=\"widget\" data-widget_type=\"image.default\">\n\t\t\t\t<div class=\"elementor-widget-container\">\n\t\t\t\t\t\t\t\t\t\t\t\t\t\t\t<img fetchpriority=\"high\" decoding=\"async\" width=\"476\" height=\"409\" src=\"https:\/\/othernesses.com\/wp-content\/uploads\/2023\/10\/Titelbild.jpg\" class=\"attachment-large size-large wp-image-48\" alt=\"\" srcset=\"https:\/\/othernesses.com\/wp-content\/uploads\/2023\/10\/Titelbild.jpg 476w, https:\/\/othernesses.com\/wp-content\/uploads\/2023\/10\/Titelbild-300x258.jpg 300w\" sizes=\"(max-width: 476px) 100vw, 476px\" \/>\t\t\t\t\t\t\t\t\t\t\t\t\t\t\t<\/div>\n\t\t\t\t<\/div>\n\t\t\t\t<div class=\"elementor-element elementor-element-51285e2 elementor-widget elementor-widget-spacer\" data-id=\"51285e2\" data-element_type=\"widget\" data-e-type=\"widget\" data-widget_type=\"spacer.default\">\n\t\t\t\t<div class=\"elementor-widget-container\">\n\t\t\t\t\t\t\t<div class=\"elementor-spacer\">\n\t\t\t<div class=\"elementor-spacer-inner\"><\/div>\n\t\t<\/div>\n\t\t\t\t\t\t<\/div>\n\t\t\t\t<\/div>\n\t\t\t\t<\/div>\n\t\t<div class=\"elementor-element elementor-element-1541106 e-con-full e-flex wpr-particle-no wpr-jarallax-no wpr-parallax-no wpr-sticky-section-no wpr-equal-height-no e-con e-child\" data-id=\"1541106\" data-element_type=\"container\" data-e-type=\"container\" data-settings=\"{&quot;_ha_eqh_enable&quot;:false}\">\n\t\t\t\t<div class=\"elementor-element elementor-element-feb2552 elementor-widget elementor-widget-spacer\" data-id=\"feb2552\" data-element_type=\"widget\" data-e-type=\"widget\" data-widget_type=\"spacer.default\">\n\t\t\t\t<div class=\"elementor-widget-container\">\n\t\t\t\t\t\t\t<div class=\"elementor-spacer\">\n\t\t\t<div class=\"elementor-spacer-inner\"><\/div>\n\t\t<\/div>\n\t\t\t\t\t\t<\/div>\n\t\t\t\t<\/div>\n\t\t\t\t<div class=\"elementor-element elementor-element-1ffeffb elementor-widget__width-initial elementor-widget elementor-widget-text-editor\" data-id=\"1ffeffb\" data-element_type=\"widget\" data-e-type=\"widget\" data-widget_type=\"text-editor.default\">\n\t\t\t\t<div class=\"elementor-widget-container\">\n\t\t\t\t\t\t\t\t\t<p><strong>UmDenken<\/strong><\/p>\t\t\t\t\t\t\t\t<\/div>\n\t\t\t\t<\/div>\n\t\t\t\t<div class=\"elementor-element elementor-element-8060ae9 elementor-widget elementor-widget-text-editor\" data-id=\"8060ae9\" data-element_type=\"widget\" data-e-type=\"widget\" data-widget_type=\"text-editor.default\">\n\t\t\t\t<div class=\"elementor-widget-container\">\n\t\t\t\t\t\t\t\t\t<p>Was w\u00fcrde es bedeuten, einem Impuls folgend, das Denken beim Anderen unserer Selbst zu beginnen, denn bei uns \u201aselbst\u2018 \u2013<\/p><p>unabh\u00e4ngig von Macht- und Herrschaftsverh\u00e4ltnissen, <br \/>und \u00fcber sie hinaus.<\/p><p>Auch diese Theorien und Verst\u00e4ndnisse k\u00f6nnen neu und m\u00fcssen neu angeschaut und definiert werden. Was bedeutet eigentlich \u201aMacht\u2018? Ist es das, was es vorgibt? <br \/>Ist es nicht besser, <br \/>keine zu haben?<\/p><p>Ein Schritt auch zu dieser Frage w\u00e4re es, mit dem (Nach-) Denken beim Anderen, an den Grenzen unserer \u201aSelbst\u2018 zu beginnen, um im Sinne<\/p><p>Hannah Arendts,<\/p><p>zu lernen verantwortbar zu denken, <br \/>statt \u201agedankenlos\u2018 zu bleiben.<\/p><p>Daf\u00fcr steht und tritt diese Werkstatt des kritischen Lesens und Denkens ein, um sie gleichzeitig zu betreiben.<\/p>\t\t\t\t\t\t\t\t<\/div>\n\t\t\t\t<\/div>\n\t\t\t\t<div class=\"elementor-element elementor-element-2ed98b0 elementor-widget elementor-widget-spacer\" data-id=\"2ed98b0\" data-element_type=\"widget\" data-e-type=\"widget\" data-widget_type=\"spacer.default\">\n\t\t\t\t<div class=\"elementor-widget-container\">\n\t\t\t\t\t\t\t<div class=\"elementor-spacer\">\n\t\t\t<div class=\"elementor-spacer-inner\"><\/div>\n\t\t<\/div>\n\t\t\t\t\t\t<\/div>\n\t\t\t\t<\/div>\n\t\t\t\t<\/div>\n\t\t\t\t<\/div>\n\t\t\t\t\t<\/div>\n\t\t\t\t<\/div>\n\t\t<div class=\"elementor-element elementor-element-d934e44 e-flex e-con-boxed wpr-particle-no wpr-jarallax-no wpr-parallax-no wpr-sticky-section-no wpr-equal-height-no e-con e-parent\" data-id=\"d934e44\" data-element_type=\"container\" data-e-type=\"container\" data-settings=\"{&quot;background_background&quot;:&quot;classic&quot;,&quot;_ha_eqh_enable&quot;:false}\">\n\t\t\t\t\t<div class=\"e-con-inner\">\n\t\t\t\t<div class=\"elementor-element elementor-element-d3dc3fe elementor-widget elementor-widget-spacer\" data-id=\"d3dc3fe\" data-element_type=\"widget\" data-e-type=\"widget\" data-widget_type=\"spacer.default\">\n\t\t\t\t<div class=\"elementor-widget-container\">\n\t\t\t\t\t\t\t<div class=\"elementor-spacer\">\n\t\t\t<div class=\"elementor-spacer-inner\"><\/div>\n\t\t<\/div>\n\t\t\t\t\t\t<\/div>\n\t\t\t\t<\/div>\n\t\t\t\t\t<\/div>\n\t\t\t\t<\/div>\n\t\t<div class=\"elementor-element elementor-element-2cb332e e-flex e-con-boxed wpr-particle-no wpr-jarallax-no wpr-parallax-no wpr-sticky-section-no wpr-equal-height-no e-con e-parent\" data-id=\"2cb332e\" data-element_type=\"container\" data-e-type=\"container\" data-settings=\"{&quot;background_background&quot;:&quot;classic&quot;,&quot;_ha_eqh_enable&quot;:false}\">\n\t\t\t\t\t<div class=\"e-con-inner\">\n\t\t<div class=\"elementor-element elementor-element-21e5cbb e-con-full e-flex wpr-particle-no wpr-jarallax-no wpr-parallax-no wpr-sticky-section-no wpr-equal-height-no e-con e-child\" data-id=\"21e5cbb\" data-element_type=\"container\" data-e-type=\"container\" data-settings=\"{&quot;background_background&quot;:&quot;classic&quot;,&quot;_ha_eqh_enable&quot;:false}\">\n\t\t<div class=\"elementor-element elementor-element-2d17ee3 e-con-full e-flex wpr-particle-no wpr-jarallax-no wpr-parallax-no wpr-sticky-section-no wpr-equal-height-no e-con e-child\" data-id=\"2d17ee3\" data-element_type=\"container\" data-e-type=\"container\" data-settings=\"{&quot;_ha_eqh_enable&quot;:false}\">\n\t\t\t\t<div class=\"elementor-element elementor-element-66fc8d3 elementor-widget elementor-widget-spacer\" data-id=\"66fc8d3\" data-element_type=\"widget\" data-e-type=\"widget\" data-widget_type=\"spacer.default\">\n\t\t\t\t<div class=\"elementor-widget-container\">\n\t\t\t\t\t\t\t<div class=\"elementor-spacer\">\n\t\t\t<div class=\"elementor-spacer-inner\"><\/div>\n\t\t<\/div>\n\t\t\t\t\t\t<\/div>\n\t\t\t\t<\/div>\n\t\t\t\t<div class=\"elementor-element elementor-element-d51df8b elementor-widget__width-initial elementor-widget elementor-widget-text-editor\" data-id=\"d51df8b\" data-element_type=\"widget\" data-e-type=\"widget\" data-widget_type=\"text-editor.default\">\n\t\t\t\t<div class=\"elementor-widget-container\">\n\t\t\t\t\t\t\t\t\t<p><strong>DenkenLesen<\/strong><\/p>\t\t\t\t\t\t\t\t<\/div>\n\t\t\t\t<\/div>\n\t\t\t\t<div class=\"elementor-element elementor-element-20206b9 elementor-widget elementor-widget-text-editor\" data-id=\"20206b9\" data-element_type=\"widget\" data-e-type=\"widget\" data-widget_type=\"text-editor.default\">\n\t\t\t\t<div class=\"elementor-widget-container\">\n\t\t\t\t\t\t\t\t\t<p><em><strong>Othernesses<\/strong><\/em> sieht einen Zusammenhang <br \/>zwischen Lesen, Denken und Kritik.<\/p><p>Es ist im Rahmen von drei Werkst\u00e4tten strukturiert, die j\u00e4hrlich thematisch ausgerichtet sind. <br \/>Dabei wird besonderes Gewicht auf \u201aLesen\u2018 als eine stets politische Praxis <br \/>vor dem Hintergrund historischer Zusammenh\u00e4nge gelegt,<\/p><p>und ebenso Fragen<br \/>der Subjektivit\u00e4t<br \/>thematisiert.<\/p><p>In diesen Werkst\u00e4tten werden unterschiedliche \u201aTexte\u2018 zentraler Denker*innen<\/p><p>und kritischer Ans\u00e4tze<\/p><p>gelesen, miteinander verglichen<br \/>und vor dem Hintergrund historischer Zusammenh\u00e4nge<br \/>gegenw\u00e4rtiger Fragestellungen, <br \/>und gemeinsamer Zuk\u00fcnfte diskutiert.<\/p><p>Der Jahresabschluss besteht in einer gemeinsamen Veranstaltung, <br \/>einem Workshop, Podcasts oder der Publikation von Texten <br \/>im Rahmen eines <em>WorkingPaperSeries<\/em> bzw. Dossiers.<\/p>\t\t\t\t\t\t\t\t<\/div>\n\t\t\t\t<\/div>\n\t\t\t\t<div class=\"elementor-element elementor-element-d6faab2 elementor-widget-divider--view-line elementor-widget elementor-widget-divider\" data-id=\"d6faab2\" data-element_type=\"widget\" data-e-type=\"widget\" data-widget_type=\"divider.default\">\n\t\t\t\t<div class=\"elementor-widget-container\">\n\t\t\t\t\t\t\t<div class=\"elementor-divider\">\n\t\t\t<span class=\"elementor-divider-separator\">\n\t\t\t\t\t\t<\/span>\n\t\t<\/div>\n\t\t\t\t\t\t<\/div>\n\t\t\t\t<\/div>\n\t\t\t\t<\/div>\n\t\t<div class=\"elementor-element elementor-element-b107530 e-con-full e-flex wpr-particle-no wpr-jarallax-no wpr-parallax-no wpr-sticky-section-no wpr-equal-height-no e-con e-child\" data-id=\"b107530\" data-element_type=\"container\" data-e-type=\"container\" data-settings=\"{&quot;_ha_eqh_enable&quot;:false}\">\n\t\t\t\t<div class=\"elementor-element elementor-element-83419c4 elementor-widget elementor-widget-spacer\" data-id=\"83419c4\" data-element_type=\"widget\" data-e-type=\"widget\" data-widget_type=\"spacer.default\">\n\t\t\t\t<div class=\"elementor-widget-container\">\n\t\t\t\t\t\t\t<div class=\"elementor-spacer\">\n\t\t\t<div class=\"elementor-spacer-inner\"><\/div>\n\t\t<\/div>\n\t\t\t\t\t\t<\/div>\n\t\t\t\t<\/div>\n\t\t\t\t<div class=\"elementor-element elementor-element-e6a4eed elementor-widget__width-initial ha-has-bg-overlay elementor-widget elementor-widget-text-editor\" data-id=\"e6a4eed\" data-element_type=\"widget\" data-e-type=\"widget\" data-widget_type=\"text-editor.default\">\n\t\t\t\t<div class=\"elementor-widget-container\">\n\t\t\t\t\t\t\t\t\t<p><strong><em>\u201cThis interweaving, this textile, is the<\/em> <em>text<\/em> <em>produced only in the transformation of another text. Nothing neither among the elements nor within the system, is anywhere ever simply present or absent. There are only, everywhere, differences and traces of traces.\u201d<\/em><\/strong><\/p><p><em>(Jacques Derrida)<\/em><\/p>\t\t\t\t\t\t\t\t<\/div>\n\t\t\t\t<\/div>\n\t\t\t\t<div class=\"elementor-element elementor-element-d40c2ff elementor-widget__width-initial elementor-widget elementor-widget-image\" data-id=\"d40c2ff\" data-element_type=\"widget\" data-e-type=\"widget\" data-widget_type=\"image.default\">\n\t\t\t\t<div class=\"elementor-widget-container\">\n\t\t\t\t\t\t\t\t\t\t\t\t\t\t\t<img fetchpriority=\"high\" decoding=\"async\" width=\"476\" height=\"409\" src=\"https:\/\/othernesses.com\/wp-content\/uploads\/2023\/10\/Titelbild.jpg\" class=\"attachment-large size-large wp-image-48\" alt=\"\" srcset=\"https:\/\/othernesses.com\/wp-content\/uploads\/2023\/10\/Titelbild.jpg 476w, https:\/\/othernesses.com\/wp-content\/uploads\/2023\/10\/Titelbild-300x258.jpg 300w\" sizes=\"(max-width: 476px) 100vw, 476px\" \/>\t\t\t\t\t\t\t\t\t\t\t\t\t\t\t<\/div>\n\t\t\t\t<\/div>\n\t\t\t\t<\/div>\n\t\t\t\t<\/div>\n\t\t\t\t\t<\/div>\n\t\t\t\t<\/div>\n\t\t<div class=\"elementor-element elementor-element-81b93e6 e-flex e-con-boxed wpr-particle-no wpr-jarallax-no wpr-parallax-no wpr-sticky-section-no wpr-equal-height-no e-con e-parent\" data-id=\"81b93e6\" data-element_type=\"container\" data-e-type=\"container\" data-settings=\"{&quot;background_background&quot;:&quot;classic&quot;,&quot;_ha_eqh_enable&quot;:false}\">\n\t\t\t\t\t<div class=\"e-con-inner\">\n\t\t\t\t<div class=\"elementor-element elementor-element-eb734bb elementor-widget elementor-widget-spacer\" data-id=\"eb734bb\" data-element_type=\"widget\" data-e-type=\"widget\" data-widget_type=\"spacer.default\">\n\t\t\t\t<div class=\"elementor-widget-container\">\n\t\t\t\t\t\t\t<div class=\"elementor-spacer\">\n\t\t\t<div class=\"elementor-spacer-inner\"><\/div>\n\t\t<\/div>\n\t\t\t\t\t\t<\/div>\n\t\t\t\t<\/div>\n\t\t\t\t\t<\/div>\n\t\t\t\t<\/div>\n\t\t\t\t<\/div>\n\t\t","protected":false},"excerpt":{"rendered":"<p>Willkommen. Othernesses bietet eine Plattform des kritischen Austauschs und Dialogs auf internationaler und cross-disziplin\u00e4rer Ebene zwischen unterschiedlichen kritischen Ans\u00e4tzen und bringt sie zusammen. Ausgehend von anhaltenden, historisch bedingten, verheerenden politischen Geschehnissen, die sich nicht nur in extreme Ideologisierungen, Gewalt und im Krieg, sondern auch den Wirkungen und Auswirkungen von \u201aNaturkatastrophen\u2018 zeigen, ist die grundlegende Idee in Othernesses, beim Denken selbst zum Umdenken als kritische Praxis anzufangen, um g\u00e4ngige Denkmuster zu durchbrechen. Zentrales Thema ist dabei Fragen der Alterit\u00e4t und seine BeDeutungen f\u00fcr ein anderes, lustvolles aber achtsames Denken zu problematisieren, und auf diese Weise praktisch umzugestalten und zu intervenieren. \u201ePoor countries like ours, can least afford to dispense with creative thought; with the transposition of creative theory into imaginative praxis. The creation of a literature is central; it is literature as part of a creative culture which releases the imagination from old colonial and traditional patterns, breaks up the cake of costum, and creates new and dynamic patterns of identity.\u201d (Sylvia Wynter) \u201c[T]he curiosity that comes from a peripheral gaze: the gaze of the vagabond, the gaze of the poetic figure of the fl\u00e2neur (again evoking [Walter] Benjamin, one of [Silvia Rivera Cusicanqui\u2019s] favorite philosophers), that comes from the condition of passing by, transiting, roaming, and thus has a capacity to connect disparate elements.\u201d (V\u00e9ronica Gago) UmDenken Was w\u00fcrde es bedeuten, einem Impuls folgend, das Denken beim Anderen unserer Selbst zu beginnen, denn bei uns \u201aselbst\u2018 \u2013 unabh\u00e4ngig von Macht- und Herrschaftsverh\u00e4ltnissen, und \u00fcber sie hinaus. Auch diese Theorien und Verst\u00e4ndnisse k\u00f6nnen neu und m\u00fcssen neu angeschaut und definiert werden. Was bedeutet eigentlich \u201aMacht\u2018? Ist es das, was es vorgibt? Ist es nicht besser, keine zu haben? Ein Schritt auch zu dieser Frage w\u00e4re es, mit dem (Nach-) Denken beim Anderen, an den Grenzen unserer \u201aSelbst\u2018 zu beginnen, um im Sinne Hannah Arendts, zu lernen verantwortbar zu denken, statt \u201agedankenlos\u2018 zu bleiben. Daf\u00fcr steht und tritt diese Werkstatt des kritischen Lesens und Denkens ein, um sie gleichzeitig zu betreiben. DenkenLesen Othernesses sieht einen Zusammenhang zwischen Lesen, Denken und Kritik. Es ist im Rahmen von drei Werkst\u00e4tten strukturiert, die j\u00e4hrlich thematisch ausgerichtet sind. Dabei wird besonderes Gewicht auf \u201aLesen\u2018 als eine stets politische Praxis vor dem Hintergrund historischer Zusammenh\u00e4nge gelegt, und ebenso Fragender Subjektivit\u00e4tthematisiert. In diesen Werkst\u00e4tten werden unterschiedliche \u201aTexte\u2018 zentraler Denker*innen und kritischer Ans\u00e4tze gelesen, miteinander verglichenund vor dem Hintergrund historischer Zusammenh\u00e4ngegegenw\u00e4rtiger Fragestellungen, und gemeinsamer Zuk\u00fcnfte diskutiert. Der Jahresabschluss besteht in einer gemeinsamen Veranstaltung, einem Workshop, Podcasts oder der Publikation von Texten im Rahmen eines WorkingPaperSeries bzw. Dossiers. \u201cThis interweaving, this textile, is the text produced only in the transformation of another text. Nothing neither among the elements nor within the system, is anywhere ever simply present or absent. There are only, everywhere, differences and traces of traces.\u201d (Jacques Derrida)<\/p>\n","protected":false},"author":1,"featured_media":0,"parent":10,"menu_order":0,"comment_status":"closed","ping_status":"closed","template":"elementor_header_footer","meta":{"footnotes":""},"class_list":["post-28","page","type-page","status-publish","hentry"],"_links":{"self":[{"href":"https:\/\/othernesses.com\/en\/wp-json\/wp\/v2\/pages\/28","targetHints":{"allow":["GET"]}}],"collection":[{"href":"https:\/\/othernesses.com\/en\/wp-json\/wp\/v2\/pages"}],"about":[{"href":"https:\/\/othernesses.com\/en\/wp-json\/wp\/v2\/types\/page"}],"author":[{"embeddable":true,"href":"https:\/\/othernesses.com\/en\/wp-json\/wp\/v2\/users\/1"}],"replies":[{"embeddable":true,"href":"https:\/\/othernesses.com\/en\/wp-json\/wp\/v2\/comments?post=28"}],"version-history":[{"count":202,"href":"https:\/\/othernesses.com\/en\/wp-json\/wp\/v2\/pages\/28\/revisions"}],"predecessor-version":[{"id":2220,"href":"https:\/\/othernesses.com\/en\/wp-json\/wp\/v2\/pages\/28\/revisions\/2220"}],"up":[{"embeddable":true,"href":"https:\/\/othernesses.com\/en\/wp-json\/wp\/v2\/pages\/10"}],"wp:attachment":[{"href":"https:\/\/othernesses.com\/en\/wp-json\/wp\/v2\/media?parent=28"}],"curies":[{"name":"wp","href":"https:\/\/api.w.org\/{rel}","templated":true}]}}