{"id":586,"date":"2023-11-23T09:28:06","date_gmt":"2023-11-23T09:28:06","guid":{"rendered":"https:\/\/othernesses.com\/?page_id=586"},"modified":"2025-12-13T20:15:25","modified_gmt":"2025-12-13T20:15:25","slug":"blog-theorietext","status":"publish","type":"page","link":"https:\/\/othernesses.com\/en\/home\/blog-theorietext\/","title":{"rendered":"blog TheorieText"},"content":{"rendered":"<div data-elementor-type=\"wp-page\" data-elementor-id=\"586\" class=\"elementor elementor-586\" data-elementor-settings=\"{&quot;ha_cmc_init_switcher&quot;:&quot;no&quot;}\">\n\t\t\t\t<div class=\"elementor-element elementor-element-f6c64f7 e-flex e-con-boxed wpr-particle-no wpr-jarallax-no wpr-parallax-no wpr-sticky-section-no wpr-equal-height-no e-con e-parent\" data-id=\"f6c64f7\" data-element_type=\"container\" data-e-type=\"container\" data-settings=\"{&quot;background_background&quot;:&quot;classic&quot;,&quot;_ha_eqh_enable&quot;:false}\">\n\t\t\t\t\t<div class=\"e-con-inner\">\n\t\t\t\t<div class=\"elementor-element elementor-element-d672177 elementor-widget elementor-widget-spacer\" data-id=\"d672177\" data-element_type=\"widget\" data-e-type=\"widget\" data-widget_type=\"spacer.default\">\n\t\t\t\t<div class=\"elementor-widget-container\">\n\t\t\t\t\t\t\t<div class=\"elementor-spacer\">\n\t\t\t<div class=\"elementor-spacer-inner\"><\/div>\n\t\t<\/div>\n\t\t\t\t\t\t<\/div>\n\t\t\t\t<\/div>\n\t\t\t\t\t<\/div>\n\t\t\t\t<\/div>\n\t\t<div class=\"elementor-element elementor-element-b986ae3 e-con-full e-flex wpr-particle-no wpr-jarallax-no wpr-parallax-no wpr-sticky-section-no wpr-equal-height-no e-con e-parent\" data-id=\"b986ae3\" data-element_type=\"container\" data-e-type=\"container\" data-settings=\"{&quot;background_background&quot;:&quot;classic&quot;,&quot;_ha_eqh_enable&quot;:false}\">\n\t\t<div class=\"elementor-element elementor-element-9b801e6 e-con-full e-flex wpr-particle-no wpr-jarallax-no wpr-parallax-no wpr-sticky-section-no wpr-equal-height-no e-con e-child\" data-id=\"9b801e6\" data-element_type=\"container\" data-e-type=\"container\" data-settings=\"{&quot;background_background&quot;:&quot;classic&quot;,&quot;_ha_eqh_enable&quot;:false}\">\n\t\t\t\t<div class=\"elementor-element elementor-element-3f0b8dfc elementor-widget__width-auto elementor-widget elementor-widget-text-editor\" data-id=\"3f0b8dfc\" data-element_type=\"widget\" data-e-type=\"widget\" data-widget_type=\"text-editor.default\">\n\t\t\t\t<div class=\"elementor-widget-container\">\n\t\t\t\t\t\t\t\t\t<p><strong>WELCOME<br \/>to<\/strong><br \/><strong>THEORY.TEXT!<\/strong><\/p>\t\t\t\t\t\t\t\t<\/div>\n\t\t\t\t<\/div>\n\t\t\t\t<div class=\"elementor-element elementor-element-5aebf351 elementor-widget__width-initial e-transform ha-has-bg-overlay elementor-widget elementor-widget-text-editor\" data-id=\"5aebf351\" data-element_type=\"widget\" data-e-type=\"widget\" data-settings=\"{&quot;_transform_translateY_effect&quot;:{&quot;unit&quot;:&quot;px&quot;,&quot;size&quot;:0,&quot;sizes&quot;:[]},&quot;_transform_translateX_effect&quot;:{&quot;unit&quot;:&quot;px&quot;,&quot;size&quot;:&quot;&quot;,&quot;sizes&quot;:[]},&quot;_transform_translateX_effect_tablet&quot;:{&quot;unit&quot;:&quot;px&quot;,&quot;size&quot;:&quot;&quot;,&quot;sizes&quot;:[]},&quot;_transform_translateX_effect_mobile&quot;:{&quot;unit&quot;:&quot;px&quot;,&quot;size&quot;:&quot;&quot;,&quot;sizes&quot;:[]},&quot;_transform_translateY_effect_tablet&quot;:{&quot;unit&quot;:&quot;px&quot;,&quot;size&quot;:&quot;&quot;,&quot;sizes&quot;:[]},&quot;_transform_translateY_effect_mobile&quot;:{&quot;unit&quot;:&quot;px&quot;,&quot;size&quot;:&quot;&quot;,&quot;sizes&quot;:[]}}\" data-widget_type=\"text-editor.default\">\n\t\t\t\t<div class=\"elementor-widget-container\">\n\t\t\t\t\t\t\t\t\t<p class=\"translation-block\">THEORY.TEXT is a blog that supplements and to an extent represents the work of Othernesses and in Othernesses.<\/p>\n<p><strong>THEORIE.TEXT<\/strong> versteht sich als eine Plattform aus dem Bereich der Allgemeinen und Vergleichenden Literaturwissenschaft (<em>Comparative Literature<\/em>). Darin werden die Verbindungslinien und Fragestellungen kritischer Theoretisierungen vor dem Hintergrund historischer Verwobenheiten fokussiert. Insbesondere gilt dies den theoretischen Tiefenverbindungen und dem Verh\u00e4ltnis der <em>Kritischen Theorie<\/em> und den <em>Postcolonial<\/em> und <em>Decolonial Studies<\/em>. Zentrale Themen sind dabei Ans\u00e4tze zu Fragestellungen der \u00c4sthetik und Poetik.\n\nDas Blog verbindet so LiteraturTheorie, Philosophie und politisches Denken im Nexus von Theorie &amp; Praxis, auch vor dem Hintergrund dekonstruktivistischer \u00dcberlegungen. Auf diese Weise bietet es eine englisch- und deutschsprachige Werkstatt des Dialogs, des konstruktiven Streitgespr\u00e4chs und des kritischen Denkens. Themen und Inhalte des Blogs bilden wissenschaftliche Ans\u00e4tze, hinterfragende disziplinbezogene wie auch cross-disziplin\u00e4re Kritiken und aktuelle Geschehnisse. \n\n<p><strong>THEORIE.TEXT<\/strong> will damit eine Metaebene zur (selbst-)kritischen Reflexion bieten.<\/p>\n\n<p>Als Blog und Forum kritischen Denkens steht <strong>THEORIE.TEXT<\/strong> allen offen, die sich im Rahmen theoretischer Reflexionen, die stets politisch bleiben, engagieren, einbringen und diese weiterdenken wollen, um verschiedene Inhalte, methodologische Fragestellungen und neue Ans\u00e4tze gesellschaftsnah und fundiert miteinander zu verbinden und zu besprechen.<\/p>\n\n<p class=\"translation-block\">THEORY.TEXT is an open, critical forum for all who are interested in theory as a process of thinking, agency, and activism and who are centrally concerned with questions of aesthetics and poetics.<\/p>\n\n<p>Contributions can be sent in as part of <em>calls<\/em> or in individual form.<\/p>\t\t\t\t\t\t\t\t<\/div>\n\t\t\t\t<\/div>\n\t\t\t\t<\/div>\n\t\t\t\t<\/div>\n\t\t<div class=\"elementor-element elementor-element-9862609 e-flex e-con-boxed wpr-particle-no wpr-jarallax-no wpr-parallax-no wpr-sticky-section-no wpr-equal-height-no e-con e-parent\" data-id=\"9862609\" data-element_type=\"container\" data-e-type=\"container\" data-settings=\"{&quot;background_background&quot;:&quot;classic&quot;,&quot;_ha_eqh_enable&quot;:false}\">\n\t\t\t\t\t<div class=\"e-con-inner\">\n\t\t\t\t<div class=\"elementor-element elementor-element-ec13a76 elementor-widget elementor-widget-spacer\" data-id=\"ec13a76\" data-element_type=\"widget\" data-e-type=\"widget\" data-widget_type=\"spacer.default\">\n\t\t\t\t<div class=\"elementor-widget-container\">\n\t\t\t\t\t\t\t<div class=\"elementor-spacer\">\n\t\t\t<div class=\"elementor-spacer-inner\"><\/div>\n\t\t<\/div>\n\t\t\t\t\t\t<\/div>\n\t\t\t\t<\/div>\n\t\t\t\t<div class=\"elementor-element elementor-element-ee97eb2 elementor-widget__width-initial ha-has-bg-overlay elementor-widget elementor-widget-text-editor\" data-id=\"ee97eb2\" data-element_type=\"widget\" data-e-type=\"widget\" data-widget_type=\"text-editor.default\">\n\t\t\t\t<div class=\"elementor-widget-container\">\n\t\t\t\t\t\t\t\t\t<p><strong>Blogbeitr\u00e4ge<\/strong><\/p>\t\t\t\t\t\t\t\t<\/div>\n\t\t\t\t<\/div>\n\t\t\t\t<div class=\"elementor-element elementor-element-796e7323 elementor-widget__width-initial ha-has-bg-overlay elementor-widget elementor-widget-hfe-basic-posts\" data-id=\"796e7323\" data-element_type=\"widget\" data-e-type=\"widget\" data-widget_type=\"hfe-basic-posts.default\">\n\t\t\t\t<div class=\"elementor-widget-container\">\n\t\t\t\t\t\n<div class=\"hfe-posts-grid\">\n\t\t\t<article class=\"hfe-post-card\">\n\t\t\t\t\t\t\t<div class=\"hfe-post-image\">\n\t\t\t\t\t<a href=\"https:\/\/othernesses.com\/en\/achim-geisenhanslueke\/\" rel=\"bookmark\">\n\t\t\t\t\t\t<img loading=\"lazy\" decoding=\"async\" width=\"768\" height=\"747\" src=\"https:\/\/othernesses.com\/wp-content\/uploads\/2023\/10\/Foto_BW_warm_IMG_9085-768x747.jpg\" class=\"attachment-medium_large size-medium_large wp-post-image\" alt=\"Talking Allgemeine &#038; Vergleichende Literaturwissenschaft\" srcset=\"https:\/\/othernesses.com\/wp-content\/uploads\/2023\/10\/Foto_BW_warm_IMG_9085-768x747.jpg 768w, https:\/\/othernesses.com\/wp-content\/uploads\/2023\/10\/Foto_BW_warm_IMG_9085-300x292.jpg 300w, https:\/\/othernesses.com\/wp-content\/uploads\/2023\/10\/Foto_BW_warm_IMG_9085-1024x996.jpg 1024w, https:\/\/othernesses.com\/wp-content\/uploads\/2023\/10\/Foto_BW_warm_IMG_9085-12x12.jpg 12w, https:\/\/othernesses.com\/wp-content\/uploads\/2023\/10\/Foto_BW_warm_IMG_9085.jpg 1179w\" sizes=\"auto, (max-width: 768px) 100vw, 768px\" \/>\t\t\t\t\t<\/a>\n\t\t\t\t<\/div>\n\t\t\t\n\t\t\t<div class=\"hfe-post-content\">\n\t\t\t\t\t\t\t\t\t<h3 class=\"hfe-post-title\">\n\t\t\t\t\t\t<a href=\"https:\/\/othernesses.com\/en\/achim-geisenhanslueke\/\" rel=\"bookmark\">\n\t\t\t\t\t\t\tTalking Allgemeine &#038; Vergleichende Literaturwissenschaft\t\t\t\t\t\t<\/a>\n\t\t\t\t\t<\/h3>\n\t\t\t\t\n\t\t\t\t\t\t\t\t\t<div class=\"hfe-post-meta\">\n\t\t\t\t\t\t<span class=\"hfe-post-date\">December 10, 2025<\/span>\t\t\t\t\t<\/div>\n\t\t\t\t\n\t\t\t\t\t\t\t\t\t<div class=\"hfe-post-excerpt\">\n\t\t\t\t\t\t- in Conversation with Achim Geisenhansl\u00fcke\t\t\t\t\t<\/div>\n\t\t\t\t\n\t\t\t\t\t\t\t\t\t<a href=\"https:\/\/othernesses.com\/en\/achim-geisenhanslueke\/\" class=\"hfe-read-more\" rel=\"bookmark\">\n\t\t\t\t\t\tWeiterlesen \u2192\t\t\t\t\t<\/a>\n\t\t\t\t\t\t\t<\/div>\n\t\t<\/article>\n\t\t<\/div>\n\t\t\t\t<\/div>\n\t\t\t\t<\/div>\n\t\t\t\t<div class=\"elementor-element elementor-element-95c2c50 elementor-widget elementor-widget-spacer\" data-id=\"95c2c50\" data-element_type=\"widget\" data-e-type=\"widget\" data-widget_type=\"spacer.default\">\n\t\t\t\t<div class=\"elementor-widget-container\">\n\t\t\t\t\t\t\t<div class=\"elementor-spacer\">\n\t\t\t<div class=\"elementor-spacer-inner\"><\/div>\n\t\t<\/div>\n\t\t\t\t\t\t<\/div>\n\t\t\t\t<\/div>\n\t\t\t\t\t<\/div>\n\t\t\t\t<\/div>\n\t\t\t\t<\/div>","protected":false},"excerpt":{"rendered":"<p>HERZLICH WILLKOMMENbeiTHEORIE.TEXT! THEORIE.TEXT ist ein Blog, das die Arbeit von Othernesses und in Othernesses supplementiert und ein st\u00fcckweit repr\u00e4sentiert. THEORIE.TEXT versteht sich als eine Plattform aus dem Bereich der Allgemeinen und Vergleichenden Literaturwissenschaft (Comparative Literature). Darin werden die Verbindungslinien und Fragestellungen kritischer Theoretisierungen vor dem Hintergrund historischer Verwobenheiten fokussiert. Insbesondere gilt dies den theoretischen Tiefenverbindungen und dem Verh\u00e4ltnis der Kritischen Theorie und den Postcolonial und Decolonial Studies. Zentrale Themen sind dabei Ans\u00e4tze zu Fragestellungen der \u00c4sthetik und Poetik. Das Blog verbindet so LiteraturTheorie, Philosophie und politisches Denken im Nexus von Theorie &amp; Praxis, auch vor dem Hintergrund dekonstruktivistischer \u00dcberlegungen. Auf diese Weise bietet es eine englisch- und deutschsprachige Werkstatt des Dialogs, des konstruktiven Streitgespr\u00e4chs und des kritischen Denkens. Themen und Inhalte des Blogs bilden wissenschaftliche Ans\u00e4tze, hinterfragende disziplinbezogene wie auch cross-disziplin\u00e4re Kritiken und aktuelle Geschehnisse. THEORIE.TEXT will damit eine Metaebene zur (selbst-)kritischen Reflexion bieten. Als Blog und Forum kritischen Denkens steht THEORIE.TEXT allen offen, die sich im Rahmen theoretischer Reflexionen, die stets politisch bleiben, engagieren, einbringen und diese weiterdenken wollen, um verschiedene Inhalte, methodologische Fragestellungen und neue Ans\u00e4tze gesellschaftsnah und fundiert miteinander zu verbinden und zu besprechen. THEORIE.TEXT ist ein offenes, kritisches Forum f\u00fcr alle, die sich f\u00fcr Theorie als Denk- und Handlungsprozess interessieren und dabei Fragen der \u00c4sthetik und Poetik zentral mitbedenken. Beitr\u00e4ge k\u00f6nnen im Rahmen von Calls oder auch in individueller Form eingesandt werden. Blogbeitr\u00e4ge Talking Allgemeine &#038; Vergleichende Literaturwissenschaft Dezember 10, 2025 \u2013 im Gespr\u00e4ch mit Achim Geisenhansl\u00fcke Weiterlesen \u2192<\/p>","protected":false},"author":1,"featured_media":0,"parent":10,"menu_order":0,"comment_status":"closed","ping_status":"closed","template":"","meta":{"footnotes":""},"class_list":["post-586","page","type-page","status-publish","hentry"],"_links":{"self":[{"href":"https:\/\/othernesses.com\/en\/wp-json\/wp\/v2\/pages\/586","targetHints":{"allow":["GET"]}}],"collection":[{"href":"https:\/\/othernesses.com\/en\/wp-json\/wp\/v2\/pages"}],"about":[{"href":"https:\/\/othernesses.com\/en\/wp-json\/wp\/v2\/types\/page"}],"author":[{"embeddable":true,"href":"https:\/\/othernesses.com\/en\/wp-json\/wp\/v2\/users\/1"}],"replies":[{"embeddable":true,"href":"https:\/\/othernesses.com\/en\/wp-json\/wp\/v2\/comments?post=586"}],"version-history":[{"count":148,"href":"https:\/\/othernesses.com\/en\/wp-json\/wp\/v2\/pages\/586\/revisions"}],"predecessor-version":[{"id":2513,"href":"https:\/\/othernesses.com\/en\/wp-json\/wp\/v2\/pages\/586\/revisions\/2513"}],"up":[{"embeddable":true,"href":"https:\/\/othernesses.com\/en\/wp-json\/wp\/v2\/pages\/10"}],"wp:attachment":[{"href":"https:\/\/othernesses.com\/en\/wp-json\/wp\/v2\/media?parent=586"}],"curies":[{"name":"wp","href":"https:\/\/api.w.org\/{rel}","templated":true}]}}